{"id":706,"date":"2018-06-11T15:23:11","date_gmt":"2018-06-11T13:23:11","guid":{"rendered":"https:\/\/orgelbau-hauser.ch\/?page_id=706"},"modified":"2018-06-11T15:24:29","modified_gmt":"2018-06-11T13:24:29","slug":"neue-orgel-fuer-das-kirchgemeindehaus-muenchenstein-op-126","status":"publish","type":"page","link":"https:\/\/orgelbau-hauser.ch\/index.php\/neue-orgel-fuer-das-kirchgemeindehaus-muenchenstein-op-126\/","title":{"rendered":"Neue Orgel f\u00fcr das Kirchgemeindehaus M\u00fcnchenstein (Op. 126)"},"content":{"rendered":"<div class=\"flex_column av_one_full  flex_column_div av-zero-column-padding first  \" style='border-radius:0px; '><div style='padding-bottom:10px;' class='av-special-heading av-special-heading-h3    '><h3 class='av-special-heading-tag '  itemprop=\"headline\"  >Objekt<\/h3><div class='special-heading-border'><div class='special-heading-inner-border' ><\/div><\/div><\/div><\/div>\n<div class=\"flex_column av_one_half  flex_column_div av-zero-column-padding first  \" style='border-radius:0px; '><section class=\"av_textblock_section \"  itemscope=\"itemscope\" itemtype=\"https:\/\/schema.org\/CreativeWork\" ><div class='avia_textblock  '   itemprop=\"text\" ><p><a href=\"https:\/\/orgelbau-hauser.ch\/wp-content\/uploads\/2018\/06\/Op126.png\"><img loading=\"lazy\" class=\"alignnone wp-image-708 size-full\" src=\"https:\/\/orgelbau-hauser.ch\/wp-content\/uploads\/2018\/06\/Op126.png\" alt=\"\" width=\"300\" height=\"400\" srcset=\"https:\/\/orgelbau-hauser.ch\/wp-content\/uploads\/2018\/06\/Op126.png 300w, https:\/\/orgelbau-hauser.ch\/wp-content\/uploads\/2018\/06\/Op126-225x300.png 225w\" sizes=\"(max-width: 300px) 100vw, 300px\" \/><\/a><\/p>\n<\/div><\/section><\/div><div class=\"flex_column av_one_half  flex_column_div av-zero-column-padding   \" style='border-radius:0px; '><p><section class=\"av_textblock_section \"  itemscope=\"itemscope\" itemtype=\"https:\/\/schema.org\/CreativeWork\" ><div class='avia_textblock  '   itemprop=\"text\" ><p>Das im Jahre 1962 erbaute Kirchgemeindehaus erhielt eine Orgel der Firma Goll, Luzern. Die Orgel stand ohne Geh\u00e4use in einer Mauernische, sichtbar war nur eine Pfeifenfront. Durch klimatisch ung\u00fcnstige Raumverh\u00e4ltnisse, Wasserschaden und den damals \u00fcblichen Materialien wurde die Orgel fast unspielbar. Die neue Orgel wurde in Absprache mit der Bauherrschaft und dem Architekten Enrico Cantaluppi, Binningen, in den modernen Raum eingepasst. Eine besondere Herausforderung f\u00fcr die Intonateure war der fast schalltote Raum. Anstatt die Pfeifen zu forcieren, entstand ein eher kammermusikalisches Klangbild, welches auch dem Wunsch der Bauherrschaft entsprach.<\/p>\n<\/div><\/section><br \/>\n<div class='avia-table main_color avia-pricing-table-container  avia_pricing_default  avia-table-1 '  itemscope=\"itemscope\" itemtype=\"https:\/\/schema.org\/Table\" ><div class='pricing-table-wrap'><ul class='pricing-table avia-desc-col'><li class=''><div class='first-table-item'>Baujahr<\/div><span class='pricing-extra'><\/span><\/li><li class=''>Gr\u00f6sse<\/li><li class=''>Ort<\/li><li class=''>Beschreibung<\/li><\/ul><\/div><div class='pricing-table-wrap'><ul class='pricing-table '><li class=''><div class='first-table-item'>2007<\/div><span class='pricing-extra'><\/span><\/li><li class=''>II\/P\/21<\/li><li class=''>M\u00fcnchenstein, BL, Schweiz<\/li><li class=''>Neubau<\/li><\/ul><\/div><\/div><\/p><\/div><\/p>\n<div style='padding-bottom:10px;' class='av-special-heading av-special-heading-h3     '><h3 class='av-special-heading-tag '  itemprop=\"headline\"  >Disposition<\/h3><div class='special-heading-border'><div class='special-heading-inner-border' ><\/div><\/div><\/div>\n<div class='avia-data-table-wrap avia_responsive_table'><table class='avia-table avia-data-table avia-table-2  avia_pricing_default '  itemscope=\"itemscope\" itemtype=\"https:\/\/schema.org\/Table\" ><tbody><tr class=''><th class='avia-desc-col'>Hauptwerk<\/th><td class=''>Bordun 16&#8242;<br \/>\nPraestant 8&#8242;<br \/>\nGedackt 8&#8242;<br \/>\nOctave 4&#8242;<br \/>\nQuint 3&#8242;<br \/>\nSesquialter II<br \/>\nSuperoctav 2&#8242;<br \/>\nMixtur III<br \/>\nTrompete 8&#8242;<\/td><\/tr><tr class=''><th class='avia-desc-col'>Positiv<\/th><td class=''>Holzgedackt 8&#8242;<br \/>\nViola di Gamba 8&#8242;<br \/>\nPrincipal 4&#8242;<br \/>\nRohrfl\u00f6te 4&#8242;<br \/>\nNasard 3&#8242;<br \/>\nWaldfl\u00f6te 2&#8242;<br \/>\nQuint 1 1\/2&#8242;<br \/>\nCimbel II<br \/>\nDulcian 8&#8242;<\/td><\/tr><tr class=''><th class='avia-desc-col'>Pedal<\/th><td class=''>Subbass 16&#8242;<br \/>\nOctavbass 8&#8242;<br \/>\nPosaunbass 16&#8242;<br \/>\nTrompetbass 8&#8242; (aus dem HW)<br \/>\nKoppeln II &#8211; I, II &#8211; P, I &#8211; P, II4 &#8211; P<\/td><\/tr><tr class=''><th class='avia-desc-col'>Besonderheiten<\/th><td class=''>Tremulant auf das ganze Werk<br \/>\nWinddruck: 70mm WS<br \/>\nTemperierung: ungleichstufig, 1\/5 Komma<br \/>\nFreie Windversorgung durch Keilbalganlage<br \/>\nGeh\u00e4use: Eiche massiv<\/p>\n<p>Intonation: Armin Hauser und Anton Meier<br \/>\nBeratung: Theo Ettlin<br \/>\nFarbige Fassung: Entwurf Theo Ettlin, Ausf\u00fchrung Walter Fl\u00fcckiger, Kleind\u00f6ttingen<\/td><\/tr><\/tbody><\/table><\/div><style type='text\/css'>.avia-table-2 td:nth-of-type(1):before { content: 'Hauptwerk'; } <\/style>\n","protected":false},"excerpt":{"rendered":"","protected":false},"author":1,"featured_media":0,"parent":0,"menu_order":0,"comment_status":"closed","ping_status":"closed","template":"","meta":[],"_links":{"self":[{"href":"https:\/\/orgelbau-hauser.ch\/index.php\/wp-json\/wp\/v2\/pages\/706"}],"collection":[{"href":"https:\/\/orgelbau-hauser.ch\/index.php\/wp-json\/wp\/v2\/pages"}],"about":[{"href":"https:\/\/orgelbau-hauser.ch\/index.php\/wp-json\/wp\/v2\/types\/page"}],"author":[{"embeddable":true,"href":"https:\/\/orgelbau-hauser.ch\/index.php\/wp-json\/wp\/v2\/users\/1"}],"replies":[{"embeddable":true,"href":"https:\/\/orgelbau-hauser.ch\/index.php\/wp-json\/wp\/v2\/comments?post=706"}],"version-history":[{"count":3,"href":"https:\/\/orgelbau-hauser.ch\/index.php\/wp-json\/wp\/v2\/pages\/706\/revisions"}],"predecessor-version":[{"id":1154,"href":"https:\/\/orgelbau-hauser.ch\/index.php\/wp-json\/wp\/v2\/pages\/706\/revisions\/1154"}],"wp:attachment":[{"href":"https:\/\/orgelbau-hauser.ch\/index.php\/wp-json\/wp\/v2\/media?parent=706"}],"curies":[{"name":"wp","href":"https:\/\/api.w.org\/{rel}","templated":true}]}}