{"id":567,"date":"2018-05-22T19:36:05","date_gmt":"2018-05-22T17:36:05","guid":{"rendered":"https:\/\/orgelbau-hauser.ch\/?page_id=567"},"modified":"2021-02-25T21:18:29","modified_gmt":"2021-02-25T20:18:29","slug":"presse","status":"publish","type":"page","link":"https:\/\/orgelbau-hauser.ch\/index.php\/presse\/","title":{"rendered":"Presse"},"content":{"rendered":"\n<h2>\u00abIch bin sehr begeistert!\u00bb<\/h2>\n\n\n\n<div class=\"wp-block-image\"><figure class=\"alignleft size-large is-resized\"><img loading=\"lazy\" src=\"https:\/\/orgelbau-hauser.ch\/wp-content\/uploads\/2021\/02\/ich_bin_sehr_begeistert_vorschau-1030x726.png\" alt=\"\" class=\"wp-image-1266\" width=\"305\" height=\"217\"\/><\/figure><\/div>\n\n\n\n<p>Schon vor ihrer Einweihung  wurde sie als einzigartiges Werk des Orgelbaus, als neuer Leuchtpunkt der D\u00f6ttinger Kirche gefeiert, jetzt best\u00e4tigt es auch der Fachmann aus Deutschland. Er spricht von einem \u00abMoment des Magischen\u00bb, den er gesp\u00fcrt habe beim Orgelspiel.<\/p>\n\n\n\n<p>\u00abEine absolute Besonderheit!\u00bb \u2013 Christoph Bossert, Professor f\u00fcr Orgel- und Kirchenmusik an der Hochschule f\u00fcr Musik in W\u00fcrzburg, findet nur die allerbesten Worte f\u00fcr die kompakt gebaute Chororgel, die seit Anfang dieses Jahres in der D\u00f6ttinger St. Johannes Kirche steht. Es ist Mittwochabend, kurz nach 17 Uhr. Bossert ist mit einem Kollegen extra aus Deutschland angereist, um auf der neuen Orgel zu spielen. \u00dcber seinen ehemaligen Studenten Jonas Herzog hatte er erfahren, dass hier im Unteren Aaretal ein nicht ganz allt\u00e4gliches Instrument stehe. Jetzt, im etwas ruhigeren Sommer, ergab sich die Gelegenheit f\u00fcr eine Stippvisite und ein Probespiel. Neben dem Besuch aus Deutschland und neben Herzog sind am Mittwochabend auch Orgelbauer Anton Meier und sein \u00abLehrmeister\u00bb Armin Hauser vor Ort in D\u00f6ttingen, ausserdem Organist Christian Scheifele aus Z\u00fcrich und Stefan M\u00fcller, der eigentliche Stammorganist. Letztere hatten das Pro-<br>jekt der neuen D\u00f6ttinger Chororgel als Orgelexperten eng begleitet.<\/p>\n\n\n\n<p><a href=\"https:\/\/orgelbau-hauser.ch\/wp-content\/uploads\/2021\/02\/Ich_bin_sehr_begeistert.pdf\" target=\"_blank\" rel=\"noreferrer noopener\">Mehr lesen&#8230;<\/a><\/p>\n\n\n<h2><!-- \/wp:paragraph --><\/h2>\n<h2 class=\"article-header__title\">Segensworte und Musik von der neuen Orgel<\/h2>\n<p><img loading=\"lazy\" class=\"wp-image-1247  alignleft\" src=\"https:\/\/orgelbau-hauser.ch\/wp-content\/uploads\/2021\/02\/segensworte_vorschau.png\" alt=\"\" width=\"305\" height=\"253\" srcset=\"https:\/\/orgelbau-hauser.ch\/wp-content\/uploads\/2021\/02\/segensworte_vorschau.png 1558w, https:\/\/orgelbau-hauser.ch\/wp-content\/uploads\/2021\/02\/segensworte_vorschau-300x249.png 300w, https:\/\/orgelbau-hauser.ch\/wp-content\/uploads\/2021\/02\/segensworte_vorschau-1030x854.png 1030w, https:\/\/orgelbau-hauser.ch\/wp-content\/uploads\/2021\/02\/segensworte_vorschau-768x637.png 768w, https:\/\/orgelbau-hauser.ch\/wp-content\/uploads\/2021\/02\/segensworte_vorschau-1536x1274.png 1536w, https:\/\/orgelbau-hauser.ch\/wp-content\/uploads\/2021\/02\/segensworte_vorschau-1500x1244.png 1500w, https:\/\/orgelbau-hauser.ch\/wp-content\/uploads\/2021\/02\/segensworte_vorschau-705x585.png 705w, https:\/\/orgelbau-hauser.ch\/wp-content\/uploads\/2021\/02\/segensworte_vorschau-450x373.png 450w\" sizes=\"(max-width: 305px) 100vw, 305px\" \/><\/p>\n<p>Ein kleines aber feines Publikum versammelte sich am Freitagabend zu \u00abWort und Musik\u00bb in der St. Johannes Kirche. Gemeindeleiter Daniel Kyburz, der mit selbst verfassten Segenstexten f\u00fcr das Wort zust\u00e4ndig war, begr\u00fcsste neben dem Hausorganisten Stefan M\u00fcller auch Christian Scheifele.<\/p>\n<p>Der Z\u00fcrcher Organist hat als Experte das Orgelprojekt der katholischen Kirchgemeinde begleitet, bei dem die Hauptorgel revidiert und eine neue Chororgel angeschafft wurde. Mit einer Canzona des Komponisten Giovanni Gabrieli, der als Kirchenmusiker im Markusdom seiner Heimatstadt Venedig wirkte, er\u00f6ffneten Scheifele und M\u00fcller den musikalischen Teil. Sozusagen in \u00abStereo\u00bb spielte M\u00fcller vorne rechts das Claviorganum, w\u00e4hrend Scheifele vorne links die mobile Chororgel erklingen liess.<\/p>\n<p>Abwechslungsweise folgten weitere St\u00fccke, Toccaten von Muffat und Rossi sowie ein Zyklus des deutschen Komponisten Hugo Diestler (1908-1942). Zum Abschluss des Abends war das Publikum, in dem auch Orgelbauer Anton Meier sass, dann eingeladen, selber mitzuwirken: Es wurde das Lied \u00abWer nur den lieben Gott l\u00e4sst walten\u00bb gesungen, selbstverst\u00e4ndlich mit<br>Orgelbegleitung.<\/p>\n<p><a href=\"https:\/\/orgelbau-hauser.ch\/wp-content\/uploads\/2021\/02\/Segensworte_und_Musik_von_der_neuen_Orgel-1.pdf\" target=\"_blank\" rel=\"noopener\">Mehr lesen&#8230;<\/a><\/p>\n<p><!-- wp:heading --><\/p>\n<p><!-- \/wp:paragraph --><\/p>\n<h2 class=\"article-header__title\">Einweihung mit Pauken<br>und Trompeten<\/h2>\n<p><img loading=\"lazy\" class=\"wp-image-1256 alignleft\" src=\"https:\/\/orgelbau-hauser.ch\/wp-content\/uploads\/2021\/02\/einweihung.png\" alt=\"\" width=\"305\" height=\"248\" srcset=\"https:\/\/orgelbau-hauser.ch\/wp-content\/uploads\/2021\/02\/einweihung.png 1566w, https:\/\/orgelbau-hauser.ch\/wp-content\/uploads\/2021\/02\/einweihung-300x244.png 300w, https:\/\/orgelbau-hauser.ch\/wp-content\/uploads\/2021\/02\/einweihung-1030x837.png 1030w, https:\/\/orgelbau-hauser.ch\/wp-content\/uploads\/2021\/02\/einweihung-768x624.png 768w, https:\/\/orgelbau-hauser.ch\/wp-content\/uploads\/2021\/02\/einweihung-1536x1248.png 1536w, https:\/\/orgelbau-hauser.ch\/wp-content\/uploads\/2021\/02\/einweihung-1500x1218.png 1500w, https:\/\/orgelbau-hauser.ch\/wp-content\/uploads\/2021\/02\/einweihung-845x684.png 845w, https:\/\/orgelbau-hauser.ch\/wp-content\/uploads\/2021\/02\/einweihung-705x573.png 705w, https:\/\/orgelbau-hauser.ch\/wp-content\/uploads\/2021\/02\/einweihung-450x366.png 450w\" sizes=\"(max-width: 305px) 100vw, 305px\" \/><\/p>\n<p>Mit Kompositionen aus der Renaissance bis zu modernen Popsongs haben Organist Stefan M\u00fcller und f\u00fcnf weitere Musiker die aus Sponsorengeldern mitfinanzierte neue Chor-Orgel<br>eingeweiht.<\/p>\n<p>Nachdem die revidierte Hauptorgel der Kirche St. Johann bereits an einem Erntedank-Gottesdienst im vergangenen Herbst eingeweiht worden war, war am Sonntag die neue Chor-Orgel an der Reihe. Der Titel des Konzertes, \u00abmit Pauken und Trompeten\u00bb war Programm, wurde die Orgel doch von zwei Posaunen, zwei Trompeten sowie Perkussionist Reto Baumann mit Pauken und Trommeln begleitet. Organist Stefan M\u00fcller zeigte, was das Instrument alles kann. Die Ouvert\u00fcre von H\u00e4ndels ber\u00fchmter Wassermusik machte den Anfang, es folgten St\u00fccke von Pachelbel, Kerli, Bach und Purcell. Dazu ein B\u00e4nkels\u00e4ngerlied eines anonymen Komponisten sowie T\u00e4nze des Pariser Komponisten Claude Gervaise aus dem 16. Jahrhundert. Auf dem Programm standen weiter drei Songs der Beatles und Pink Floyds \u00abShine on you crazy diamonds\u00bb. \u00abAllein dieser Kirchenraum verpflichtet uns, auch etwas Modernes zu spielen\u00bb, meinte Organist Stefan M\u00fcller mit Blick auf die Architektur der 1961 eingeweihten Kirche. Er erkl\u00e4rte, dass bei einem der Beatles St\u00fccke ein Wechsel von F-Dur zu Des-Dur enthalten sei. \u00abAuf einer normalen, mittelt\u00f6nig gestimmten Orgel k\u00f6nnte man das gar nicht spielen\u00bb, erkl\u00e4rte M\u00fcller. Die neue D\u00f6ttinger Orgel kann mit Fusspedalen von einer Tonart auf die andere umgestellt werden und spielt so die exakten T\u00f6ne mit reinen Terzen. \u00abIch weiss nicht, ob die Beatles Freude dran h\u00e4tten\u00bb, meinte M\u00fcller, \u00abich glaube aber schon.\u00bb<\/p>\n<p><a href=\"https:\/\/orgelbau-hauser.ch\/wp-content\/uploads\/2021\/02\/Einweihung_mit_Pauken_und_Trompeten.pdf\" target=\"_blank\" rel=\"noopener\">Mehr lesen&#8230;<\/a><\/p>\n<h2>Der Meister und sein Nachfolger: Orgelbauer Armin Hauser \u00fcbergibt sein Gesch\u00e4ft<\/h2>\n<p><!-- \/wp:heading --><\/p>\n<p><!-- wp:image {\"align\":\"left\",\"id\":568,\"linkDestination\":\"custom\"} --><\/p>\n<div class=\"wp-block-image\">\n<figure class=\"alignleft\"><a href=\"https:\/\/orgelbau-hauser.ch\/wp-content\/uploads\/2018\/05\/orgelbauhauserzeitung.png\"><img loading=\"lazy\" width=\"300\" height=\"191\" class=\"wp-image-568\" src=\"https:\/\/orgelbau-hauser.ch\/wp-content\/uploads\/2018\/05\/orgelbauhauserzeitung-300x191.png\" alt=\"\" srcset=\"https:\/\/orgelbau-hauser.ch\/wp-content\/uploads\/2018\/05\/orgelbauhauserzeitung-300x191.png 300w, https:\/\/orgelbau-hauser.ch\/wp-content\/uploads\/2018\/05\/orgelbauhauserzeitung-768x489.png 768w, https:\/\/orgelbau-hauser.ch\/wp-content\/uploads\/2018\/05\/orgelbauhauserzeitung-1030x656.png 1030w, https:\/\/orgelbau-hauser.ch\/wp-content\/uploads\/2018\/05\/orgelbauhauserzeitung-1500x956.png 1500w, https:\/\/orgelbau-hauser.ch\/wp-content\/uploads\/2018\/05\/orgelbauhauserzeitung-705x449.png 705w, https:\/\/orgelbau-hauser.ch\/wp-content\/uploads\/2018\/05\/orgelbauhauserzeitung-450x287.png 450w\" sizes=\"(max-width: 300px) 100vw, 300px\" \/><\/a><\/figure>\n<\/div>\n<p><!-- \/wp:image --><\/p>\n<p><!-- wp:paragraph --><\/p>\n<p>Die Gr\u00f6sste steht in Leuggern, die vielleicht Sch\u00f6nste in T\u00e4gerig. 150 neue Orgeln wurden seit 1970 in der renommierten Werkstatt im Weiler Eien gefertigt. Eine Rangliste seiner Lieblingswerke will Armin Hauser nicht erstellen. In allen steckt sein Herzblut drin. \u00abEs ist, als w\u00e4ren sie meine Kinder\u00bb, sagte er einmal.<\/p>\n<p><!-- \/wp:paragraph --><\/p>\n<p><!-- wp:paragraph --><\/p>\n<p>Nun ist die Zeit gekommen, um loszulassen. Beim 40-Jahr-Jubil\u00e4um seiner Firma sagte er noch: \u00abSo lange ich noch kann, will ich weiterarbeiten.\u00bb Damals war Hauser bereits 69-j\u00e4hrig. Jetzt, mit 76, hat er das Gesch\u00e4ft an Anton Meier aus T\u00e4gerig \u00fcbergeben. Meier hat bereits die Lehre bei Hauser absolviert und ihm all die Jahre die Treue gehalten.<\/p>\n<p><!-- \/wp:paragraph --><\/p>\n<p><!-- wp:paragraph --><\/p>\n<p>\u00abIch bin froh, dass er den Betrieb \u00fcbernimmt und unsere Philosophie weitertr\u00e4gt. Sonst h\u00e4tte ich den Betrieb aufl\u00f6sen m\u00fcssen. Anton ist ein Gl\u00fccksfall f\u00fcr mich.\u00bb Schon als der heute 56-J\u00e4hrige noch in der Lehre war, habe er gesp\u00fcrt, dass da ein m\u00f6glicher Nachfolger heranw\u00e4chst, sagt Hauser. Seit 37 Jahren kennen sich die beiden nun.<\/p>\n<p><!-- \/wp:paragraph --><\/p>\n<p><!-- wp:paragraph --><\/p>\n<p><a href=\"https:\/\/www.aargauerzeitung.ch\/aargau\/zurzach\/der-meister-und-sein-nachfolger-orgelbauer-armin-hauser-uebergibt-sein-geschaeft-131801465\" target=\"_blank\" rel=\"noreferrer noopener\">Mehr lesen&#8230;<\/a><\/p>","protected":false},"excerpt":{"rendered":"<p>\u00abIch bin sehr begeistert!\u00bb Schon vor ihrer Einweihung wurde sie als einzigartiges Werk des Orgelbaus, als neuer Leuchtpunkt der D\u00f6ttinger Kirche gefeiert, jetzt best\u00e4tigt es auch der Fachmann aus Deutschland. Er spricht von einem \u00abMoment des Magischen\u00bb, den er gesp\u00fcrt habe beim Orgelspiel. \u00abEine absolute Besonderheit!\u00bb \u2013 Christoph Bossert, Professor f\u00fcr Orgel- und Kirchenmusik an [&hellip;]<\/p>\n","protected":false},"author":1,"featured_media":0,"parent":0,"menu_order":0,"comment_status":"closed","ping_status":"closed","template":"","meta":[],"_links":{"self":[{"href":"https:\/\/orgelbau-hauser.ch\/index.php\/wp-json\/wp\/v2\/pages\/567"}],"collection":[{"href":"https:\/\/orgelbau-hauser.ch\/index.php\/wp-json\/wp\/v2\/pages"}],"about":[{"href":"https:\/\/orgelbau-hauser.ch\/index.php\/wp-json\/wp\/v2\/types\/page"}],"author":[{"embeddable":true,"href":"https:\/\/orgelbau-hauser.ch\/index.php\/wp-json\/wp\/v2\/users\/1"}],"replies":[{"embeddable":true,"href":"https:\/\/orgelbau-hauser.ch\/index.php\/wp-json\/wp\/v2\/comments?post=567"}],"version-history":[{"count":17,"href":"https:\/\/orgelbau-hauser.ch\/index.php\/wp-json\/wp\/v2\/pages\/567\/revisions"}],"predecessor-version":[{"id":1271,"href":"https:\/\/orgelbau-hauser.ch\/index.php\/wp-json\/wp\/v2\/pages\/567\/revisions\/1271"}],"wp:attachment":[{"href":"https:\/\/orgelbau-hauser.ch\/index.php\/wp-json\/wp\/v2\/media?parent=567"}],"curies":[{"name":"wp","href":"https:\/\/api.w.org\/{rel}","templated":true}]}}